{"id":48,"date":"2025-10-05T15:08:56","date_gmt":"2025-10-05T13:08:56","guid":{"rendered":"https:\/\/ljubenko-i-partneri.ectoris.com\/en\/?page_id=48"},"modified":"2026-05-01T20:15:03","modified_gmt":"2026-05-01T18:15:03","slug":"pocetna-stranica","status":"publish","type":"page","link":"https:\/\/www.ljubenko-i-partneri.hr\/en\/","title":{"rendered":"Po\u010detna stranica"},"content":{"rendered":"","protected":false},"excerpt":{"rendered":"","protected":false},"author":1,"featured_media":0,"parent":0,"menu_order":0,"comment_status":"closed","ping_status":"closed","template":"","meta":{"footnotes":""},"class_list":["post-48","page","type-page","status-publish","hentry"],"acf":[],"yoast_head":"<!-- This site is optimized with the Yoast SEO Premium plugin v19.5 (Yoast SEO v19.10) - https:\/\/yoast.com\/wordpress\/plugins\/seo\/ -->\n<title>Po\u010detna stranica - Ljubenko i partneri - eng<\/title>\n<meta name=\"description\" content=\"Pru\u017eamo pravno savjetovanje i zastupanje. Predla\u017eemo rje\u0161enja uz odgovore na Va\u0161a pitanja. Prvi kontakt mailom ili na sastanku.\" \/>\n<meta name=\"robots\" content=\"index, follow, max-snippet:-1, max-image-preview:large, max-video-preview:-1\" \/>\n<link rel=\"canonical\" href=\"https:\/\/www.ljubenko-i-partneri.hr\/en\/\" \/>\n<meta property=\"og:locale\" content=\"hr_HR\" \/>\n<meta property=\"og:type\" content=\"article\" \/>\n<meta property=\"og:title\" content=\"Po\u010detna stranica\" \/>\n<meta property=\"og:description\" content=\"Pru\u017eamo pravno savjetovanje i zastupanje. Predla\u017eemo rje\u0161enja uz odgovore na Va\u0161a pitanja. Prvi kontakt mailom ili na sastanku.\" \/>\n<meta property=\"og:url\" content=\"https:\/\/www.ljubenko-i-partneri.hr\/en\/\" \/>\n<meta property=\"og:site_name\" content=\"Ljubenko i partneri - eng\" \/>\n<meta property=\"article:modified_time\" content=\"2026-05-01T18:15:03+00:00\" \/>\n<meta name=\"twitter:card\" content=\"summary_large_image\" \/>\n<script type=\"application\/ld+json\" class=\"yoast-schema-graph\">{\"@context\":\"https:\/\/schema.org\",\"@graph\":[{\"@type\":\"WebPage\",\"@id\":\"https:\/\/www.ljubenko-i-partneri.hr\/en\/\",\"url\":\"https:\/\/www.ljubenko-i-partneri.hr\/en\/\",\"name\":\"Po\u010detna stranica - Ljubenko i partneri - eng\",\"isPartOf\":{\"@id\":\"https:\/\/www.ljubenko-i-partneri.hr\/en\/#website\"},\"datePublished\":\"2025-10-05T13:08:56+00:00\",\"dateModified\":\"2026-05-01T18:15:03+00:00\",\"description\":\"Pru\u017eamo pravno savjetovanje i zastupanje. Predla\u017eemo rje\u0161enja uz odgovore na Va\u0161a pitanja. Prvi kontakt mailom ili na sastanku.\",\"breadcrumb\":{\"@id\":\"https:\/\/www.ljubenko-i-partneri.hr\/en\/#breadcrumb\"},\"inLanguage\":\"hr\",\"potentialAction\":[{\"@type\":\"ReadAction\",\"target\":[\"https:\/\/www.ljubenko-i-partneri.hr\/en\/\"]}]},{\"@type\":\"BreadcrumbList\",\"@id\":\"https:\/\/www.ljubenko-i-partneri.hr\/en\/#breadcrumb\",\"itemListElement\":[{\"@type\":\"ListItem\",\"position\":1,\"name\":\"Po\u010detna stranica\",\"item\":\"https:\/\/www.ljubenko-i-partneri.hr\/en\/\"},{\"@type\":\"ListItem\",\"position\":2,\"name\":\"Po\u010detna stranica\"}]},{\"@type\":\"WebSite\",\"@id\":\"https:\/\/www.ljubenko-i-partneri.hr\/en\/#website\",\"url\":\"https:\/\/www.ljubenko-i-partneri.hr\/en\/\",\"name\":\"Ljubenko i partneri - eng\",\"description\":\"\",\"potentialAction\":[{\"@type\":\"SearchAction\",\"target\":{\"@type\":\"EntryPoint\",\"urlTemplate\":\"https:\/\/www.ljubenko-i-partneri.hr\/en\/?s={search_term_string}\"},\"query-input\":\"required name=search_term_string\"}],\"inLanguage\":\"hr\"}]}<\/script>\n<!-- \/ Yoast SEO Premium plugin. -->","yoast_head_json":{"title":"Po\u010detna stranica - Ljubenko i partneri - eng","description":"Pru\u017eamo pravno savjetovanje i zastupanje. Predla\u017eemo rje\u0161enja uz odgovore na Va\u0161a pitanja. Prvi kontakt mailom ili na sastanku.","robots":{"index":"index","follow":"follow","max-snippet":"max-snippet:-1","max-image-preview":"max-image-preview:large","max-video-preview":"max-video-preview:-1"},"canonical":"https:\/\/www.ljubenko-i-partneri.hr\/en\/","og_locale":"hr_HR","og_type":"article","og_title":"Po\u010detna stranica","og_description":"Pru\u017eamo pravno savjetovanje i zastupanje. Predla\u017eemo rje\u0161enja uz odgovore na Va\u0161a pitanja. Prvi kontakt mailom ili na sastanku.","og_url":"https:\/\/www.ljubenko-i-partneri.hr\/en\/","og_site_name":"Ljubenko i partneri - eng","article_modified_time":"2026-05-01T18:15:03+00:00","twitter_card":"summary_large_image","schema":{"@context":"https:\/\/schema.org","@graph":[{"@type":"WebPage","@id":"https:\/\/www.ljubenko-i-partneri.hr\/en\/","url":"https:\/\/www.ljubenko-i-partneri.hr\/en\/","name":"Po\u010detna stranica - Ljubenko i partneri - eng","isPartOf":{"@id":"https:\/\/www.ljubenko-i-partneri.hr\/en\/#website"},"datePublished":"2025-10-05T13:08:56+00:00","dateModified":"2026-05-01T18:15:03+00:00","description":"Pru\u017eamo pravno savjetovanje i zastupanje. Predla\u017eemo rje\u0161enja uz odgovore na Va\u0161a pitanja. Prvi kontakt mailom ili na sastanku.","breadcrumb":{"@id":"https:\/\/www.ljubenko-i-partneri.hr\/en\/#breadcrumb"},"inLanguage":"hr","potentialAction":[{"@type":"ReadAction","target":["https:\/\/www.ljubenko-i-partneri.hr\/en\/"]}]},{"@type":"BreadcrumbList","@id":"https:\/\/www.ljubenko-i-partneri.hr\/en\/#breadcrumb","itemListElement":[{"@type":"ListItem","position":1,"name":"Po\u010detna stranica","item":"https:\/\/www.ljubenko-i-partneri.hr\/en\/"},{"@type":"ListItem","position":2,"name":"Po\u010detna stranica"}]},{"@type":"WebSite","@id":"https:\/\/www.ljubenko-i-partneri.hr\/en\/#website","url":"https:\/\/www.ljubenko-i-partneri.hr\/en\/","name":"Ljubenko i partneri - eng","description":"","potentialAction":[{"@type":"SearchAction","target":{"@type":"EntryPoint","urlTemplate":"https:\/\/www.ljubenko-i-partneri.hr\/en\/?s={search_term_string}"},"query-input":"required name=search_term_string"}],"inLanguage":"hr"}]}},"_links":{"self":[{"href":"https:\/\/www.ljubenko-i-partneri.hr\/en\/wp-json\/wp\/v2\/pages\/48","targetHints":{"allow":["GET"]}}],"collection":[{"href":"https:\/\/www.ljubenko-i-partneri.hr\/en\/wp-json\/wp\/v2\/pages"}],"about":[{"href":"https:\/\/www.ljubenko-i-partneri.hr\/en\/wp-json\/wp\/v2\/types\/page"}],"author":[{"embeddable":true,"href":"https:\/\/www.ljubenko-i-partneri.hr\/en\/wp-json\/wp\/v2\/users\/1"}],"replies":[{"embeddable":true,"href":"https:\/\/www.ljubenko-i-partneri.hr\/en\/wp-json\/wp\/v2\/comments?post=48"}],"version-history":[{"count":35,"href":"https:\/\/www.ljubenko-i-partneri.hr\/en\/wp-json\/wp\/v2\/pages\/48\/revisions"}],"predecessor-version":[{"id":806,"href":"https:\/\/www.ljubenko-i-partneri.hr\/en\/wp-json\/wp\/v2\/pages\/48\/revisions\/806"}],"wp:attachment":[{"href":"https:\/\/www.ljubenko-i-partneri.hr\/en\/wp-json\/wp\/v2\/media?parent=48"}],"curies":[{"name":"wp","href":"https:\/\/api.w.org\/{rel}","templated":true}]}}